{"id":906,"date":"2023-10-22T00:30:21","date_gmt":"2023-10-21T22:30:21","guid":{"rendered":"https:\/\/www.mouvementrepublicain.org\/?page_id=906"},"modified":"2023-10-22T00:43:13","modified_gmt":"2023-10-21T22:43:13","slug":"recepisse-du-mr","status":"publish","type":"page","link":"https:\/\/www.mouvementrepublicain.org\/index.php\/recepisse-du-mr\/","title":{"rendered":"R\u00e9c\u00e9piss\u00e9 du MR"},"content":{"rendered":"\n<p>Veuillez trouver ci-dessous le r\u00e9c\u00e9piss\u00e9 d&#8217;enregistrement du Mouvement R\u00e9publicain (MR) : n\u00b0&nbsp;<strong>002\/022\/MATDDL\/DGAT\/DLPC\/SAP<\/strong>, du 23 Mars 2022.<\/p>\n\n\n\n<p><\/p>\n\n\n\n<div data-wp-interactive=\"core\/file\" class=\"wp-block-file\"><object data-wp-bind--hidden=\"!state.hasPdfPreview\" hidden class=\"wp-block-file__embed\" data=\"https:\/\/www.mouvementrepublicain.org\/wp-content\/uploads\/2023\/10\/Recepisse-officiel-de-creation-du-Mouvement-Republicain.pdf\" type=\"application\/pdf\" style=\"width:100%;height:600px\" aria-label=\"Contenu embarqu\u00e9 Recepisse-officiel-de-creation-du-Mouvement-Republicain.\"><\/object><a id=\"wp-block-file--media-1b5ccd9b-25a1-49d1-a565-b9a885cf0348\" href=\"https:\/\/www.mouvementrepublicain.org\/wp-content\/uploads\/2023\/10\/Recepisse-officiel-de-creation-du-Mouvement-Republicain.pdf\">Recepisse-officiel-de-creation-du-Mouvement-Republicain<\/a><a href=\"https:\/\/www.mouvementrepublicain.org\/wp-content\/uploads\/2023\/10\/Recepisse-officiel-de-creation-du-Mouvement-Republicain.pdf\" class=\"wp-block-file__button wp-element-button\" download aria-describedby=\"wp-block-file--media-1b5ccd9b-25a1-49d1-a565-b9a885cf0348\">T\u00e9l\u00e9charger<\/a><\/div>\n\n\n\n<p><\/p>\n\n\n\n<div class=\"wp-block-buttons is-layout-flex wp-block-buttons-is-layout-flex\">\n<div class=\"wp-block-button\"><a class=\"wp-block-button__link wp-element-button\" href=\"https:\/\/www.mouvementrepublicain.org\/index.php\/page\/\"><strong>Retour Sur Les Pages du MR<\/strong><\/a><\/div>\n<\/div>\n","protected":false},"excerpt":{"rendered":"<p>Veuillez trouver ci-dessous le r\u00e9c\u00e9piss\u00e9 d&#8217;enregistrement du Mouvement R\u00e9publicain (MR) : n\u00b0&nbsp;002\/022\/MATDDL\/DGAT\/DLPC\/SAP, du 23 Mars 2022.<\/p>\n","protected":false},"author":1,"featured_media":0,"parent":0,"menu_order":0,"comment_status":"closed","ping_status":"closed","template":"","meta":{"_regular_price":[],"currency_symbol":[],"footnotes":""},"class_list":["post-906","page","type-page","status-publish","hentry"],"post_slider_layout_featured_media_urls":{"thumbnail":"","post_slider_layout_landscape_large":"","post_slider_layout_portrait_large":"","post_slider_layout_square_large":"","post_slider_layout_landscape":"","post_slider_layout_portrait":"","post_slider_layout_square":"","full":""},"_links":{"self":[{"href":"https:\/\/www.mouvementrepublicain.org\/index.php\/wp-json\/wp\/v2\/pages\/906","targetHints":{"allow":["GET"]}}],"collection":[{"href":"https:\/\/www.mouvementrepublicain.org\/index.php\/wp-json\/wp\/v2\/pages"}],"about":[{"href":"https:\/\/www.mouvementrepublicain.org\/index.php\/wp-json\/wp\/v2\/types\/page"}],"author":[{"embeddable":true,"href":"https:\/\/www.mouvementrepublicain.org\/index.php\/wp-json\/wp\/v2\/users\/1"}],"replies":[{"embeddable":true,"href":"https:\/\/www.mouvementrepublicain.org\/index.php\/wp-json\/wp\/v2\/comments?post=906"}],"version-history":[{"count":5,"href":"https:\/\/www.mouvementrepublicain.org\/index.php\/wp-json\/wp\/v2\/pages\/906\/revisions"}],"predecessor-version":[{"id":918,"href":"https:\/\/www.mouvementrepublicain.org\/index.php\/wp-json\/wp\/v2\/pages\/906\/revisions\/918"}],"wp:attachment":[{"href":"https:\/\/www.mouvementrepublicain.org\/index.php\/wp-json\/wp\/v2\/media?parent=906"}],"curies":[{"name":"wp","href":"https:\/\/api.w.org\/{rel}","templated":true}]}}