{"id":770,"date":"2023-09-05T02:33:58","date_gmt":"2023-09-05T00:33:58","guid":{"rendered":"https:\/\/www.mouvementrepublicain.org\/?page_id=770"},"modified":"2025-04-04T16:40:29","modified_gmt":"2025-04-04T14:40:29","slug":"status-du-mr","status":"publish","type":"page","link":"https:\/\/www.mouvementrepublicain.org\/index.php\/status-du-mr\/","title":{"rendered":"STATUS DU MR"},"content":{"rendered":"\n<p>Veuillez trouver ci-apr\u00e8s, les statuts adopt\u00e9s lors du premier Congr\u00e8s ordinaire du Mouvement R\u00e9publicain (MR) des 19 et 20 D\u00e9cembre 2024.<\/p>\n\n\n\n<p><\/p>\n\n\n\n<p><\/p>\n\n\n\n<div data-wp-interactive=\"core\/file\" class=\"wp-block-file\"><object data-wp-bind--hidden=\"!state.hasPdfPreview\" hidden class=\"wp-block-file__embed\" data=\"https:\/\/www.mouvementrepublicain.org\/wp-content\/uploads\/2025\/04\/MR-Pdt-Cab_CN-BP_SP_Statuts_VF02-1.pdf\" type=\"application\/pdf\" style=\"width:100%;height:600px\" aria-label=\"Contenu embarqu\u00e9 MR-Pdt-Cab_CN-BP_SP_Statuts_VF02.\"><\/object><a id=\"wp-block-file--media-810491bb-8fe5-487e-ac8d-7f7ad48dbfbd\" href=\"https:\/\/www.mouvementrepublicain.org\/wp-content\/uploads\/2025\/04\/MR-Pdt-Cab_CN-BP_SP_Statuts_VF02-1.pdf\">MR-Pdt-Cab_CN-BP_SP_Statuts_VF02<\/a><a href=\"https:\/\/www.mouvementrepublicain.org\/wp-content\/uploads\/2025\/04\/MR-Pdt-Cab_CN-BP_SP_Statuts_VF02-1.pdf\" class=\"wp-block-file__button wp-element-button\" download aria-describedby=\"wp-block-file--media-810491bb-8fe5-487e-ac8d-7f7ad48dbfbd\">T\u00e9l\u00e9charger<\/a><\/div>\n\n\n\n<p><\/p>\n\n\n\n<div class=\"wp-block-buttons is-layout-flex wp-block-buttons-is-layout-flex\">\n<div class=\"wp-block-button\"><a class=\"wp-block-button__link wp-element-button\" href=\"https:\/\/www.mouvementrepublicain.org\/index.php\/page\/\"><strong>Retour Sur Les Pages du MR<\/strong><\/a><\/div>\n<\/div>\n","protected":false},"excerpt":{"rendered":"<p>Veuillez trouver ci-apr\u00e8s, les statuts adopt\u00e9s lors du premier Congr\u00e8s ordinaire du Mouvement R\u00e9publicain (MR) des 19 et 20 D\u00e9cembre 2024.<\/p>\n","protected":false},"author":1,"featured_media":0,"parent":0,"menu_order":0,"comment_status":"closed","ping_status":"closed","template":"","meta":{"_regular_price":[],"currency_symbol":[],"footnotes":""},"class_list":["post-770","page","type-page","status-publish","hentry"],"post_slider_layout_featured_media_urls":{"thumbnail":"","post_slider_layout_landscape_large":"","post_slider_layout_portrait_large":"","post_slider_layout_square_large":"","post_slider_layout_landscape":"","post_slider_layout_portrait":"","post_slider_layout_square":"","full":""},"_links":{"self":[{"href":"https:\/\/www.mouvementrepublicain.org\/index.php\/wp-json\/wp\/v2\/pages\/770","targetHints":{"allow":["GET"]}}],"collection":[{"href":"https:\/\/www.mouvementrepublicain.org\/index.php\/wp-json\/wp\/v2\/pages"}],"about":[{"href":"https:\/\/www.mouvementrepublicain.org\/index.php\/wp-json\/wp\/v2\/types\/page"}],"author":[{"embeddable":true,"href":"https:\/\/www.mouvementrepublicain.org\/index.php\/wp-json\/wp\/v2\/users\/1"}],"replies":[{"embeddable":true,"href":"https:\/\/www.mouvementrepublicain.org\/index.php\/wp-json\/wp\/v2\/comments?post=770"}],"version-history":[{"count":7,"href":"https:\/\/www.mouvementrepublicain.org\/index.php\/wp-json\/wp\/v2\/pages\/770\/revisions"}],"predecessor-version":[{"id":1882,"href":"https:\/\/www.mouvementrepublicain.org\/index.php\/wp-json\/wp\/v2\/pages\/770\/revisions\/1882"}],"wp:attachment":[{"href":"https:\/\/www.mouvementrepublicain.org\/index.php\/wp-json\/wp\/v2\/media?parent=770"}],"curies":[{"name":"wp","href":"https:\/\/api.w.org\/{rel}","templated":true}]}}