{"id":767,"date":"2023-09-05T02:31:27","date_gmt":"2023-09-05T00:31:27","guid":{"rendered":"https:\/\/www.mouvementrepublicain.org\/?page_id=767"},"modified":"2025-06-01T19:10:09","modified_gmt":"2025-06-01T17:10:09","slug":"reglement-interieur-du-mr","status":"publish","type":"page","link":"https:\/\/www.mouvementrepublicain.org\/index.php\/reglement-interieur-du-mr\/","title":{"rendered":"R\u00e8glement Int\u00e9rieur du MR"},"content":{"rendered":"\n<p>Veuillez trouver ci-apr\u00e8s, le r\u00e8glement int\u00e9rieur du Mouvement R\u00e9publicain (MR) en vigueur.<br><\/p>\n\n\n\n<div data-wp-interactive=\"core\/file\" class=\"wp-block-file\"><object data-wp-bind--hidden=\"!state.hasPdfPreview\" hidden class=\"wp-block-file__embed\" data=\"https:\/\/www.mouvementrepublicain.org\/wp-content\/uploads\/2025\/06\/MR-Reglement-Interieur-2025_v2.pdf\" type=\"application\/pdf\" style=\"width:100%;height:600px\" aria-label=\"Contenu embarqu\u00e9 MR-R\u00e8glement Int\u00e9rieur-2025_v2.\"><\/object><a id=\"wp-block-file--media-c2c0fa1d-b069-4e0d-86c4-d960721cac75\" href=\"https:\/\/www.mouvementrepublicain.org\/wp-content\/uploads\/2025\/06\/MR-Reglement-Interieur-2025_v2.pdf\">MR-R\u00e8glement Int\u00e9rieur-2025_v2<\/a><a href=\"https:\/\/www.mouvementrepublicain.org\/wp-content\/uploads\/2025\/06\/MR-Reglement-Interieur-2025_v2.pdf\" class=\"wp-block-file__button wp-element-button\" download aria-describedby=\"wp-block-file--media-c2c0fa1d-b069-4e0d-86c4-d960721cac75\">T\u00e9l\u00e9charger<\/a><\/div>\n\n\n\n<p><br>Ce r\u00e8glement int\u00e9rieur s&#8217;applique au sein de toutes les instances du Mouvement R\u00e9publicain (MR).<br><\/p>\n\n\n\n<p><\/p>\n\n\n\n<p><\/p>\n\n\n\n<div class=\"wp-block-buttons is-layout-flex wp-block-buttons-is-layout-flex\">\n<div class=\"wp-block-button\"><a class=\"wp-block-button__link wp-element-button\" href=\"https:\/\/www.mouvementrepublicain.org\/index.php\/page\/\"><strong>Retour Sur Les Pages du MR<\/strong><\/a><\/div>\n<\/div>\n","protected":false},"excerpt":{"rendered":"<p>Veuillez trouver ci-apr\u00e8s, le r\u00e8glement int\u00e9rieur du Mouvement R\u00e9publicain (MR) en vigueur. Ce r\u00e8glement int\u00e9rieur s&#8217;applique au sein de toutes les instances du Mouvement R\u00e9publicain (MR).<\/p>\n","protected":false},"author":1,"featured_media":0,"parent":0,"menu_order":0,"comment_status":"closed","ping_status":"closed","template":"","meta":{"_regular_price":[],"currency_symbol":[],"footnotes":""},"class_list":["post-767","page","type-page","status-publish","hentry"],"post_slider_layout_featured_media_urls":{"thumbnail":"","post_slider_layout_landscape_large":"","post_slider_layout_portrait_large":"","post_slider_layout_square_large":"","post_slider_layout_landscape":"","post_slider_layout_portrait":"","post_slider_layout_square":"","full":""},"_links":{"self":[{"href":"https:\/\/www.mouvementrepublicain.org\/index.php\/wp-json\/wp\/v2\/pages\/767","targetHints":{"allow":["GET"]}}],"collection":[{"href":"https:\/\/www.mouvementrepublicain.org\/index.php\/wp-json\/wp\/v2\/pages"}],"about":[{"href":"https:\/\/www.mouvementrepublicain.org\/index.php\/wp-json\/wp\/v2\/types\/page"}],"author":[{"embeddable":true,"href":"https:\/\/www.mouvementrepublicain.org\/index.php\/wp-json\/wp\/v2\/users\/1"}],"replies":[{"embeddable":true,"href":"https:\/\/www.mouvementrepublicain.org\/index.php\/wp-json\/wp\/v2\/comments?post=767"}],"version-history":[{"count":7,"href":"https:\/\/www.mouvementrepublicain.org\/index.php\/wp-json\/wp\/v2\/pages\/767\/revisions"}],"predecessor-version":[{"id":1976,"href":"https:\/\/www.mouvementrepublicain.org\/index.php\/wp-json\/wp\/v2\/pages\/767\/revisions\/1976"}],"wp:attachment":[{"href":"https:\/\/www.mouvementrepublicain.org\/index.php\/wp-json\/wp\/v2\/media?parent=767"}],"curies":[{"name":"wp","href":"https:\/\/api.w.org\/{rel}","templated":true}]}}