{"id":415,"date":"2023-08-28T11:54:35","date_gmt":"2023-08-28T09:54:35","guid":{"rendered":"https:\/\/www.mouvementrepublicain.org\/?page_id=415"},"modified":"2024-04-07T01:00:02","modified_gmt":"2024-04-06T23:00:02","slug":"destin-gavet-politique","status":"publish","type":"page","link":"https:\/\/www.mouvementrepublicain.org\/index.php\/destin-gavet-politique\/","title":{"rendered":"Destin GAVET Politique"},"content":{"rendered":"\n<p>D\u00e9tail sur le parcours du Pr\u00e9sident Ex\u00e9cutif, Destin Melaine GAVET EELNGO.<br><\/p>\n\n\n\n<figure class=\"wp-block-gallery has-nested-images columns-default is-cropped wp-block-gallery-1 is-layout-flex wp-block-gallery-is-layout-flex\">\n<figure class=\"wp-block-image size-large is-style-rounded\"><img loading=\"lazy\" decoding=\"async\" width=\"2496\" height=\"1404\" data-id=\"1361\" src=\"https:\/\/www.mouvementrepublicain.org\/wp-content\/uploads\/2024\/04\/MR-Pdt-2-1-edited.jpg\" alt=\"\" class=\"wp-image-1361\" srcset=\"https:\/\/www.mouvementrepublicain.org\/wp-content\/uploads\/2024\/04\/MR-Pdt-2-1-edited.jpg 2496w, https:\/\/www.mouvementrepublicain.org\/wp-content\/uploads\/2024\/04\/MR-Pdt-2-1-edited-300x169.jpg 300w, https:\/\/www.mouvementrepublicain.org\/wp-content\/uploads\/2024\/04\/MR-Pdt-2-1-edited-1024x576.jpg 1024w, https:\/\/www.mouvementrepublicain.org\/wp-content\/uploads\/2024\/04\/MR-Pdt-2-1-edited-768x432.jpg 768w, https:\/\/www.mouvementrepublicain.org\/wp-content\/uploads\/2024\/04\/MR-Pdt-2-1-edited-1536x864.jpg 1536w, https:\/\/www.mouvementrepublicain.org\/wp-content\/uploads\/2024\/04\/MR-Pdt-2-1-edited-2048x1152.jpg 2048w, https:\/\/www.mouvementrepublicain.org\/wp-content\/uploads\/2024\/04\/MR-Pdt-2-1-edited-600x338.jpg 600w\" sizes=\"auto, (max-width: 2496px) 100vw, 2496px\" \/><\/figure>\n<\/figure>\n\n\n\n<p><\/p>\n\n\n\n<p>Un parti politique peut chercher \u00e0 influencer le gouvernement en place, en le soutenant si celui-ci en est issu, ou en s&#8217;y opposant. Il nomme \u00e9galement ses propres candidats aux diff\u00e9rentes \u00e9lections et en tentant d&#8217;obtenir des mandats politiques. Un parti politique peut aussi influencer l&#8217;opinion publique.<\/p>\n\n\n\n<p><em><strong>Quel est le r\u00f4le du pouvoir politique dans une soci\u00e9t\u00e9 ?<\/strong><\/em><\/p>\n\n\n\n<p>Le pouvoir politique est un type de pouvoir qu&#8217;une personne ou un groupe de personnes exerce dans une soci\u00e9t\u00e9. Ce pouvoir peut-\u00eatre associ\u00e9 avec la souverainet\u00e9, soit le pouvoir de fixer les r\u00e8gles qui s&#8217;appliquent \u00e0 la population sur un territoire donn\u00e9.<\/p>\n\n\n\n<p><\/p>\n\n\n\n<p><strong><em>D\u00e9tail sur le parcours scolaire et socioprofessionnel du Pr\u00e9sident Ex\u00e9cutif, Destin Melaine GAVET ELENGO<\/em><\/strong> :<br><\/p>\n\n\n\n<p>N\u00e9e le 10 mars 1991 \u00e0 Loubomo au Sud du Congo, \u00e0 400km environ de Brazzaville. Il fait l&#8217;\u00e9cole primaire \u00e0 Marcel ONGOMBE, puis fait le coll\u00e8ge \u00e0 l&#8217;\u00e9cole catholique Saint-Paul de Dolisie. Apr\u00e8s l&#8217;obtention de son Brevet d&#8217;Etudes du Premier cycle (BEPC) et apr\u00e8s quatre (04) ann\u00e9es au lyc\u00e9e Victor Justin SATHOUD de Dolisie, il obtient son baccalaur\u00e9at g\u00e9n\u00e9ral s\u00e9rie D.<\/p>\n\n\n\n<p>Il opte pour les sciences p\u00e9troli\u00e8res \u00e0 l&#8217;Institut du P\u00e9trole et du Gaz (IPG) \u00e0 Kinshasa en R\u00e9publique D\u00e9mocratique du Congo (RDC), o\u00f9 il obtient quatre ann\u00e9es apr\u00e8s ann\u00e9es plus tard le Titre d&#8217;Ing\u00e9nieur Technicien en sciences et techniques p\u00e9troli\u00e8res.<\/p>\n\n\n\n<p><br>De retour au pays en fin 2014, il est engag\u00e9 en juin 2015 comme secr\u00e9taire g\u00e9n\u00e9ral charg\u00e9 de l&#8217;administration et les ressources humaines de la la soci\u00e9t\u00e9 foresti\u00e8re Technique Bois du Niari (TBN).<br>Un mois apr\u00e8s, il cr\u00e9e une petite et moyenne entreprise appel\u00e9e GED Services qui op\u00e8re dans le multi sectoriel notamment dans le domaine de la construction et du sciage artisanal du bois.<br><br>En d\u00e9cembre 2018, pour des raisons personnelles, il d\u00e9missionne de TBN . En f\u00e9vrier 2019, il est recrut\u00e9 chez Wing Wah EP, soci\u00e9t\u00e9 chinoise qui op\u00e8re dans le p\u00e9trole et le gaz \u00e0 Pointe-Noire, en R\u00e9publique du Congo,  o\u00f9 il a travaill\u00e9 dans le d\u00e9partement de la production comme chef d&#8217;\u00e9quipe.<\/p>\n\n\n\n<p><br>Le 20 Avril 2020 son contrat est interrompu officiellement pour raison de la COVID-19, mais en interne c&#8217;\u00e9tait plut\u00f4t \u00e0 cause de son engagement politique comme opposant au Pr\u00e9sident Denis SASSOU NGUESSO.<br><\/p>\n\n\n\n<p>En octobre 2022, il prend une inscription au 2e cycle \u00e0 l&#8217;institut du p\u00e9trole du gaz (IPG) pour cette fois-ci obtenir un dipl\u00f4me d&#8217;ing\u00e9nieur en g\u00e9ologie du p\u00e9trole.<\/p>\n\n\n\n<p><br><strong><em>Sur le plan politique <\/em><\/strong>:<br>Il cr\u00e9e l&#8217;association politique des jeunes luttant contre les antivaleurs en 2014. Suite \u00e0 l&#8217;adoption de la <strong><em>loi n\u00b0 20-1017<\/em><\/strong> du 12 mai 2017 interdisant l&#8217;existence des associations politiques en R\u00e9publique du Congo, il dissout cette association et cr\u00e9e le Mouvement R\u00e9publicain en Ao\u00fbt 2017 avec quelques amis.<br>Le Parti d\u00e9bute ses activit\u00e9s d&#8217;implantation sur l&#8217;ensemble du territoire national le 25 mai 2019 et termine le 04 novembre 2021.<br><\/p>\n\n\n\n<p>En octobre 2020 \u00e0 Brazzaville devant la presse, il d\u00e9clare sa candidature \u00e0 l&#8217;\u00e9lection pr\u00e9sidentielle de mars 2021. En fin f\u00e9vrier 2021, il d\u00e9cide finalement de soutenir celle de Guy Brice Parfait KOLELAS arriv\u00e9 deuxi\u00e8me lors de la pr\u00e9sidentielle de mars 2016.<\/p>\n\n\n\n<p><\/p>\n\n\n\n<p>Le 04 mars 2021, le Mouvement R\u00e9publicain (MR) et l&#8217;Union des D\u00e9mocrates Humanistes YUKI( UDH YUKI) signent un accord de gouvernement.<br>Le 09 mars de m\u00eame ann\u00e9e, il est nomm\u00e9 repr\u00e9sentant du candidat Guy Brice Parfait KOLELAS dans les d\u00e9partements du Niari, de la Bouenza et de la Lekoumou.<br>Ayant battu campagne ensemble du d\u00e9but \u00e0 la fin, c&#8217;est finalement tr\u00e8s abattu qu&#8217;il apprends la mort du candidat KOLELAS juste apr\u00e8s la fermeture des bureaux de vote le 21 mars 2021.<br>Apr\u00e8s la proclamation des r\u00e9sultats provisoires des \u00e9lections faisant du candidat Denis SASSOU NGUESSO vainqueur avec 88%, il organise une conf\u00e9rence de presse afin d&#8217;\u00e9voquer l&#8217;annulation du scrutin en accord avec l&#8217;<strong><em>article 70 de la constitution <\/em><\/strong>de la R\u00e9publique du Congo du 25 Octobre 2015.<br>Malheureusement la cour constitutionnelle comme \u00e0 son habitude confirme les r\u00e9sultats et d\u00e9clare Denis SASSOU NGUESSO vainqueur.<br><\/p>\n\n\n\n<figure class=\"wp-block-embed is-type-video is-provider-youtube wp-block-embed-youtube wp-embed-aspect-16-9 wp-has-aspect-ratio\"><div class=\"wp-block-embed__wrapper\">\n<iframe loading=\"lazy\" title=\"Signature d&#039;accord de Gouvernement entre l&#039;UDH YUKI et le Mouvement R\u00e9publicain.\" width=\"640\" height=\"360\" src=\"https:\/\/www.youtube.com\/embed\/ffBaIDk46TE?feature=oembed\" frameborder=\"0\" allow=\"accelerometer; autoplay; clipboard-write; encrypted-media; gyroscope; picture-in-picture; web-share\" referrerpolicy=\"strict-origin-when-cross-origin\" allowfullscreen><\/iframe>\n<\/div><figcaption class=\"wp-element-caption\"><strong><em>Signature d&#8217;accord de Gouvernement entre l&#8217;UDH YUKI et le Mouvement R\u00e9publicain.<\/em><\/strong><\/figcaption><\/figure>\n\n\n\n<p><\/p>\n\n\n\n<p>Le 23 mars 2022, le parti obtient son r\u00e9c\u00e9piss\u00e9 de reconnaissance juridique n\u00b0&nbsp;<strong>002\/022\/MATDDL\/DGAT\/DLPC\/SAP<\/strong>.<br><br>En juillet 2022 il est candidat aux \u00e9lections l\u00e9gislatives, malgr\u00e9 une belle campagne \u00e0 l&#8217;am\u00e9ricaine, il est battu de fa\u00e7on antid\u00e9mocratique suite \u00e0 des irr\u00e9gularit\u00e9s, les bourrages d&#8217;urnes, achat des consciences et autres, &#8230;<br><\/p>\n\n\n\n<p>En octobre 2022 lors de l&#8217;assembl\u00e9e g\u00e9n\u00e9rale du R\u00e9seau Lib\u00e9ral Africain \u00e0 Johannesburg en Afrique du Sud, il y participe en qualit\u00e9 de membre observateur.<br><\/p>\n\n\n\n<p>En novembre 2022 il fait adh\u00e9rer l&#8217;\u00e9nergie lib\u00e9rale congolaise (ELC), une organisation des jeunes du Mouvement R\u00e9publicain (MR) \u00e0 la f\u00e9d\u00e9ration internationale de la jeunesse lib\u00e9rale.<br>Toujours en novembre 2022, le Mouvement R\u00e9publicain (MR) lance une campagne en faveur de la lib\u00e9ration des prisonniers politiques dont le g\u00e9n\u00e9ral Jean Marie Michel MOUKOKO.<\/p>\n\n\n\n<p>Il est arr\u00eat\u00e9 arbitrairement le 02 d\u00e9cembre 2022 \u00e0 Pointe Noire par les services de renseignements (CID &#8211; ex DGST) pendant pr\u00e8s d&#8217;une semaine, puis il est lib\u00e9r\u00e9 le 08 d\u00e9cembre \u00e0 Brazzaville.<br>D\u00e8s sa premi\u00e8re prise de parole lors d&#8217;une conf\u00e9rence de presse apr\u00e8s arrestation, une cha\u00eene de t\u00e9l\u00e9vision priv\u00e9e (Vox-TV) est suspendue durant pr\u00e8s d&#8217;une semaine pour avoir relay\u00e9 l&#8217;extrait de ladite conf\u00e9rence de presse.<br><\/p>\n\n\n\n<p>A partir de janvier 2023, il entame une mini tourn\u00e9e africaine en visitant tour \u00e0 tour le Gabon, la Zambie, le Mali, l&#8217;\u00c9thiopie, et la RDC.<\/p>\n\n\n\n<p><br>Le 13 Avril 2023, il cr\u00e9e avec deux autres pr\u00e9sidents des paris politiques l&#8217;<strong><em>Alliance pour l&#8217;Alternance D\u00e9mocratique en 2026<\/em><\/strong> (2AD26) qui est compos\u00e9e des partis politiques suivants : le Mouvement R\u00e9publicain (MR), le Parti du Peuple ( PAPE) et le Rassemblement pour la D\u00e9mocratie et le D\u00e9veloppement (RDD).<br>Il est d\u00e9sign\u00e9 Pr\u00e9sident en exercice pour un mandat de six(6) mois \u00e0 compter du 07 mai 2023 date de la premi\u00e8re convention de 2AD26.<br><\/p>\n\n\n\n<p>A partir du 12 mai 2023, il entame une tourn\u00e9e europ\u00e9enne dans les pays suivants : la France, la Belgique, le Pays-Bas, la Su\u00e8de et l&#8217;Allemagne pour exposer sa vision politique, la vision du Mouvement R\u00e9publicain (MR).<br><\/p>\n\n\n\n<p>En juin 2023, il fait adh\u00e9rer l&#8217;Energie Lib\u00e9rale Congolaise (ELC) \u00e0 la jeunesse lib\u00e9rale Africain pour la libert\u00e9 (ALYF). Puis, il fait une deuxi\u00e8me mini tourn\u00e9e africaine en juillet, visitant cette fois-ci : le Gabon, la Guin\u00e9e \u00e9quatoriale, le Cameroun et r\u00e9cemment en ao\u00fbt le S\u00e9n\u00e9gal.<br><\/p>\n\n\n\n<p>Alt\u00e9rant entre formation acad\u00e9mique, carri\u00e8re politique et gestion de sa PME, il est au four et au moulin. Beaucoup lui pr\u00eate les intentions d&#8217;\u00eatre candidat \u00e0 la future \u00e9lection pr\u00e9sidentielle de 2026.<br>Il est mari\u00e9 et est p\u00e8re de trois(3) enfants.<\/p>\n\n\n\n<p><\/p>\n\n\n\n<p><\/p>\n","protected":false},"excerpt":{"rendered":"<p>D\u00e9tail sur le parcours du Pr\u00e9sident Ex\u00e9cutif, Destin Melaine GAVET EELNGO. Un parti politique peut chercher \u00e0 influencer le gouvernement en place, en le soutenant si celui-ci en est issu, ou en s&#8217;y opposant. Il nomme \u00e9galement ses propres candidats aux diff\u00e9rentes \u00e9lections et en tentant d&#8217;obtenir des mandats politiques. Un parti politique peut aussi &hellip; <\/p>\n<p class=\"link-more\"><a href=\"https:\/\/www.mouvementrepublicain.org\/index.php\/destin-gavet-politique\/\" class=\"more-link\">Continue reading<span class=\"screen-reader-text\"> &#8220;Destin GAVET Politique&#8221;<\/span><\/a><\/p>\n","protected":false},"author":1,"featured_media":0,"parent":0,"menu_order":0,"comment_status":"closed","ping_status":"closed","template":"","meta":{"_regular_price":[],"currency_symbol":[],"footnotes":""},"class_list":["post-415","page","type-page","status-publish","hentry"],"post_slider_layout_featured_media_urls":{"thumbnail":"","post_slider_layout_landscape_large":"","post_slider_layout_portrait_large":"","post_slider_layout_square_large":"","post_slider_layout_landscape":"","post_slider_layout_portrait":"","post_slider_layout_square":"","full":""},"_links":{"self":[{"href":"https:\/\/www.mouvementrepublicain.org\/index.php\/wp-json\/wp\/v2\/pages\/415","targetHints":{"allow":["GET"]}}],"collection":[{"href":"https:\/\/www.mouvementrepublicain.org\/index.php\/wp-json\/wp\/v2\/pages"}],"about":[{"href":"https:\/\/www.mouvementrepublicain.org\/index.php\/wp-json\/wp\/v2\/types\/page"}],"author":[{"embeddable":true,"href":"https:\/\/www.mouvementrepublicain.org\/index.php\/wp-json\/wp\/v2\/users\/1"}],"replies":[{"embeddable":true,"href":"https:\/\/www.mouvementrepublicain.org\/index.php\/wp-json\/wp\/v2\/comments?post=415"}],"version-history":[{"count":70,"href":"https:\/\/www.mouvementrepublicain.org\/index.php\/wp-json\/wp\/v2\/pages\/415\/revisions"}],"predecessor-version":[{"id":1364,"href":"https:\/\/www.mouvementrepublicain.org\/index.php\/wp-json\/wp\/v2\/pages\/415\/revisions\/1364"}],"wp:attachment":[{"href":"https:\/\/www.mouvementrepublicain.org\/index.php\/wp-json\/wp\/v2\/media?parent=415"}],"curies":[{"name":"wp","href":"https:\/\/api.w.org\/{rel}","templated":true}]}}