{"id":329,"date":"2023-08-28T06:17:24","date_gmt":"2023-08-28T04:17:24","guid":{"rendered":"https:\/\/www.mouvementrepublicain.org\/?page_id=329"},"modified":"2023-09-05T02:59:19","modified_gmt":"2023-09-05T00:59:19","slug":"temoignages","status":"publish","type":"page","link":"https:\/\/www.mouvementrepublicain.org\/index.php\/temoignages\/","title":{"rendered":"T\u00e9moignages"},"content":{"rendered":"<div class=\"row vw-all-testimonial\" id=\"vw-testimonial\">\n          <div class=\"col-lg-6 col-md-6 col-sm-12\">\n            <div class=\"row test-box\">\n              <div class=\"col-lg-6 col-md-6 col-sm-12 testimonial-box-img\">\n                <div class=\"vw-testimonial-box-img\">\n                  <img decoding=\"async\" src=\"https:\/\/www.mouvementrepublicain.org\/wp-content\/uploads\/2023\/08\/MR-Gelvy-KOUBAKA-1.png\">\n                <\/div>\n              <\/div>\n              <div class=\"col-lg-6 col-md-6 col-sm-12 testimonial-box-cont\">\n                <a href=\"https:\/\/www.mouvementrepublicain.org\/index.php\/testimonials\/gelvy-koubaka\/\">Gelvy KOUBAKA<\/a>\n                <span>\n                  USA\n                <\/span>\n                <p>Je me sens \u00e9panoui dans mes convictions et consid\u00e9rations politique, depuis que je m'\u00e9tais engag\u00e9 au sein du Mouvement R\u00e9publicain (MR).<\/p>\n              <\/div>\n            <\/div>\n          <\/div>\n          <div class=\"col-lg-6 col-md-6 col-sm-12\">\n            <div class=\"row test-box\">\n              <div class=\"col-lg-6 col-md-6 col-sm-12 testimonial-box-img\">\n                <div class=\"vw-testimonial-box-img\">\n                  <img decoding=\"async\" src=\"https:\/\/www.mouvementrepublicain.org\/wp-content\/uploads\/2023\/08\/MR-Pdt-Officiel-683x1024.jpg\">\n                <\/div>\n              <\/div>\n              <div class=\"col-lg-6 col-md-6 col-sm-12 testimonial-box-cont\">\n                <a href=\"https:\/\/www.mouvementrepublicain.org\/index.php\/testimonials\/destin-gavet\/\">Melaine Destin GAVET ELENGO<\/a>\n                <span>\n                  Brazzaville\n                <\/span>\n                <p>Depuis la cr\u00e9ation du Mouvement R\u00e9publicain (MR) en 2017, ma vision politique pour le changement ne cesse de cro\u00eetre et je me sens heureux de mener ce combat en faveur du peuple congolais.<\/p>\n              <\/div>\n            <\/div>\n          <\/div><div class=\"clearfix\"><\/div>\n          <div class=\"col-lg-6 col-md-6 col-sm-12\">\n            <div class=\"row test-box\">\n              <div class=\"col-lg-6 col-md-6 col-sm-12 testimonial-box-img\">\n                <div class=\"vw-testimonial-box-img\">\n                  <img decoding=\"async\" src=\"https:\/\/www.mouvementrepublicain.org\/wp-content\/uploads\/2023\/08\/Team-MR-3-824x1024.png\">\n                <\/div>\n              <\/div>\n              <div class=\"col-lg-6 col-md-6 col-sm-12 testimonial-box-cont\">\n                <a href=\"https:\/\/www.mouvementrepublicain.org\/index.php\/testimonials\/urbain-mpika-houtou\/\">Urbain MPIKA HOUTOU<\/a>\n                <span>\n                  Paris\n                <\/span>\n                <p>Mon engagement politique \u00e0 travers le Mouvement R\u00e9publicain (MR), m'\u00e9panouit \u00e9norm\u00e9ment dans mes convictions et consid\u00e9rations politiques.<\/p>\n              <\/div>\n            <\/div>\n          <\/div>\n          <div class=\"col-lg-6 col-md-6 col-sm-12\">\n            <div class=\"row test-box\">\n              <div class=\"col-lg-6 col-md-6 col-sm-12 testimonial-box-img\">\n                <div class=\"vw-testimonial-box-img\">\n                  <img decoding=\"async\" src=\"https:\/\/www.mouvementrepublicain.org\/wp-content\/uploads\/2023\/08\/MR-Team-4-781x1024.png\">\n                <\/div>\n              <\/div>\n              <div class=\"col-lg-6 col-md-6 col-sm-12 testimonial-box-cont\">\n                <a href=\"https:\/\/www.mouvementrepublicain.org\/index.php\/testimonials\/olsen-gomo-milolo\/\">Olsen Jenaul GOMO MILOLO<\/a>\n                <span>\n                  Brazzaville\n                <\/span>\n                <p>Je me sens \u00e9panoui dans mes convictions et consid\u00e9rations politique, depuis que je m\u2019\u00e9tais engag\u00e9 en politique \u00e0 travers la cr\u00e9ation du Mouvement R\u00e9publicain (MR).<\/p>\n              <\/div>\n            <\/div>\n          <\/div><div class=\"clearfix\"><\/div>\n\n\n\n<p><\/p>\n\n\n\n<p><\/p>\n\n\n\n<div class=\"wp-block-buttons is-layout-flex wp-block-buttons-is-layout-flex\">\n<div class=\"wp-block-button\"><a class=\"wp-block-button__link wp-element-button\" href=\"https:\/\/www.mouvementrepublicain.org\/index.php\/page\/\"><strong>Retour Sur Les Pages du MR<\/strong><\/a><\/div>\n<\/div>\n","protected":false},"excerpt":{"rendered":"","protected":false},"author":1,"featured_media":0,"parent":0,"menu_order":0,"comment_status":"closed","ping_status":"closed","template":"","meta":{"_regular_price":[],"currency_symbol":[],"footnotes":""},"class_list":["post-329","page","type-page","status-publish","hentry"],"post_slider_layout_featured_media_urls":{"thumbnail":"","post_slider_layout_landscape_large":"","post_slider_layout_portrait_large":"","post_slider_layout_square_large":"","post_slider_layout_landscape":"","post_slider_layout_portrait":"","post_slider_layout_square":"","full":""},"_links":{"self":[{"href":"https:\/\/www.mouvementrepublicain.org\/index.php\/wp-json\/wp\/v2\/pages\/329","targetHints":{"allow":["GET"]}}],"collection":[{"href":"https:\/\/www.mouvementrepublicain.org\/index.php\/wp-json\/wp\/v2\/pages"}],"about":[{"href":"https:\/\/www.mouvementrepublicain.org\/index.php\/wp-json\/wp\/v2\/types\/page"}],"author":[{"embeddable":true,"href":"https:\/\/www.mouvementrepublicain.org\/index.php\/wp-json\/wp\/v2\/users\/1"}],"replies":[{"embeddable":true,"href":"https:\/\/www.mouvementrepublicain.org\/index.php\/wp-json\/wp\/v2\/comments?post=329"}],"version-history":[{"count":3,"href":"https:\/\/www.mouvementrepublicain.org\/index.php\/wp-json\/wp\/v2\/pages\/329\/revisions"}],"predecessor-version":[{"id":791,"href":"https:\/\/www.mouvementrepublicain.org\/index.php\/wp-json\/wp\/v2\/pages\/329\/revisions\/791"}],"wp:attachment":[{"href":"https:\/\/www.mouvementrepublicain.org\/index.php\/wp-json\/wp\/v2\/media?parent=329"}],"curies":[{"name":"wp","href":"https:\/\/api.w.org\/{rel}","templated":true}]}}