{"id":327,"date":"2023-08-28T06:14:33","date_gmt":"2023-08-28T04:14:33","guid":{"rendered":"https:\/\/www.mouvementrepublicain.org\/?page_id=327"},"modified":"2023-09-05T03:00:02","modified_gmt":"2023-09-05T01:00:02","slug":"notre-position-politique","status":"publish","type":"page","link":"https:\/\/www.mouvementrepublicain.org\/index.php\/notre-position-politique\/","title":{"rendered":"Notre Position Politique"},"content":{"rendered":"<div class=\"row vw-our-project\" id=\"vw-our-policy\">\n          <div class=\"col-lg-3 col-md-4 col-sm-6\">\n            <div class=\"vw-project-box vw-project-image \">\n              <div class=\"blog-img\">\n                <img decoding=\"async\" src=\"https:\/\/www.mouvementrepublicain.org\/wp-content\/uploads\/2023\/08\/Economy4.png\">\n                <div class=\"meta-img\"><img decoding=\"async\" src=\"https:\/\/www.mouvementrepublicain.org\/wp-content\/themes\/political-campaign-pro\/assets\/images\/policy\/tax-returns-icon3.png\"><\/div>\n              <\/div>\n              <div class=\"vw-box-content\">\n                <h5>D\u00e9claration fiscale<\/h5>\n                <div class=\"vw-policy-text\">\n                  R\u00f4le social : l&#8217;imp\u00f4t\u00a0permet une redistribution du revenu par l&#8217;\u00c9tat, qui prend\u2026\n                <\/div>\n                <a href=\"https:\/\/www.mouvementrepublicain.org\/index.php\/policy\/tax-return\/\" class=\"vw-project-link\">\n                  \n                <\/a>\n              <\/div>\n            <\/div>\n          <\/div>\n          <div class=\"col-lg-3 col-md-4 col-sm-6\">\n            <div class=\"vw-project-box vw-project-image \">\n              <div class=\"blog-img\">\n                <img decoding=\"async\" src=\"https:\/\/www.mouvementrepublicain.org\/wp-content\/uploads\/2023\/08\/Economy5.png\">\n                <div class=\"meta-img\"><img decoding=\"async\" src=\"https:\/\/www.mouvementrepublicain.org\/wp-content\/themes\/political-campaign-pro\/assets\/images\/policy\/tax-returns-icon4.png\"><\/div>\n              <\/div>\n              <div class=\"vw-box-content\">\n                <h5>L&#8217;\u00e9conomie<\/h5>\n                <div class=\"vw-policy-text\">\n                  Au Congo, nous devons repenser notre syst\u00e8me \u00e9conomique, afin de sortir le\u2026\n                <\/div>\n                <a href=\"https:\/\/www.mouvementrepublicain.org\/index.php\/policy\/economy\/\" class=\"vw-project-link\">\n                  \n                <\/a>\n              <\/div>\n            <\/div>\n          <\/div><div class=\"clearfix\"><\/div>\n          <div class=\"col-lg-3 col-md-4 col-sm-6\">\n            <div class=\"vw-project-box vw-project-image \">\n              <div class=\"blog-img\">\n                <img decoding=\"async\" src=\"https:\/\/www.mouvementrepublicain.org\/wp-content\/uploads\/2023\/08\/Economy1.png\">\n                <div class=\"meta-img\"><img decoding=\"async\" src=\"https:\/\/www.mouvementrepublicain.org\/wp-content\/themes\/political-campaign-pro\/assets\/images\/policy\/tax-returns-icon5.png\"><\/div>\n              <\/div>\n              <div class=\"vw-box-content\">\n                <h5>L&#8217;\u00e9ducation<\/h5>\n                <div class=\"vw-policy-text\">\n                  Par d\u00e9finition, l&#8217;\u00e9duction consiste \u00e0 former une personne, sp\u00e9cialement un enfant ou\u2026\n                <\/div>\n                <a href=\"https:\/\/www.mouvementrepublicain.org\/index.php\/policy\/education\/\" class=\"vw-project-link\">\n                  \n                <\/a>\n              <\/div>\n            <\/div>\n          <\/div>\n          <div class=\"col-lg-3 col-md-4 col-sm-6\">\n            <div class=\"vw-project-box vw-project-image \">\n              <div class=\"blog-img\">\n                <img decoding=\"async\" src=\"https:\/\/www.mouvementrepublicain.org\/wp-content\/uploads\/2023\/08\/Economy2.png\">\n                <div class=\"meta-img\"><img decoding=\"async\" src=\"https:\/\/www.mouvementrepublicain.org\/wp-content\/themes\/political-campaign-pro\/assets\/images\/policy\/tax-returns-icon1.png\"><\/div>\n              <\/div>\n              <div class=\"vw-box-content\">\n                <h5>Environnement<\/h5>\n                <div class=\"vw-policy-text\">\n                  La politique environnementale de notre pays le Congo doit se reposer sur\u2026\n                <\/div>\n                <a href=\"https:\/\/www.mouvementrepublicain.org\/index.php\/policy\/environment\/\" class=\"vw-project-link\">\n                  \n                <\/a>\n              <\/div>\n            <\/div>\n          <\/div><div class=\"clearfix\"><\/div>\n          <div class=\"col-lg-3 col-md-4 col-sm-6\">\n            <div class=\"vw-project-box vw-project-image \">\n              <div class=\"blog-img\">\n                <img decoding=\"async\" src=\"https:\/\/www.mouvementrepublicain.org\/wp-content\/uploads\/2023\/08\/Economy3.png\">\n                <div class=\"meta-img\"><img decoding=\"async\" src=\"https:\/\/www.mouvementrepublicain.org\/wp-content\/themes\/political-campaign-pro\/assets\/images\/policy\/tax-returns-icon2.png\"><\/div>\n              <\/div>\n              <div class=\"vw-box-content\">\n                <h5>Soins de sant\u00e9<\/h5>\n                <div class=\"vw-policy-text\">\n                  Nous allons d&#8217;abord mettre en place, au Congo, un syst\u00e8me des soins\u2026\n                <\/div>\n                <a href=\"https:\/\/www.mouvementrepublicain.org\/index.php\/policy\/health-care\/\" class=\"vw-project-link\">\n                  \n                <\/a>\n              <\/div>\n            <\/div>\n          <\/div>\n\n\n\n<p><\/p>\n\n\n\n<p><\/p>\n\n\n\n<div class=\"wp-block-buttons is-layout-flex wp-block-buttons-is-layout-flex\">\n<div class=\"wp-block-button\"><a class=\"wp-block-button__link wp-element-button\" href=\"https:\/\/www.mouvementrepublicain.org\/index.php\/page\/\"><strong>Retour Sur Les Pages du MR<\/strong><\/a><\/div>\n<\/div>\n","protected":false},"excerpt":{"rendered":"","protected":false},"author":1,"featured_media":0,"parent":0,"menu_order":0,"comment_status":"closed","ping_status":"closed","template":"","meta":{"_regular_price":[],"currency_symbol":[],"footnotes":""},"class_list":["post-327","page","type-page","status-publish","hentry"],"post_slider_layout_featured_media_urls":{"thumbnail":"","post_slider_layout_landscape_large":"","post_slider_layout_portrait_large":"","post_slider_layout_square_large":"","post_slider_layout_landscape":"","post_slider_layout_portrait":"","post_slider_layout_square":"","full":""},"_links":{"self":[{"href":"https:\/\/www.mouvementrepublicain.org\/index.php\/wp-json\/wp\/v2\/pages\/327","targetHints":{"allow":["GET"]}}],"collection":[{"href":"https:\/\/www.mouvementrepublicain.org\/index.php\/wp-json\/wp\/v2\/pages"}],"about":[{"href":"https:\/\/www.mouvementrepublicain.org\/index.php\/wp-json\/wp\/v2\/types\/page"}],"author":[{"embeddable":true,"href":"https:\/\/www.mouvementrepublicain.org\/index.php\/wp-json\/wp\/v2\/users\/1"}],"replies":[{"embeddable":true,"href":"https:\/\/www.mouvementrepublicain.org\/index.php\/wp-json\/wp\/v2\/comments?post=327"}],"version-history":[{"count":2,"href":"https:\/\/www.mouvementrepublicain.org\/index.php\/wp-json\/wp\/v2\/pages\/327\/revisions"}],"predecessor-version":[{"id":792,"href":"https:\/\/www.mouvementrepublicain.org\/index.php\/wp-json\/wp\/v2\/pages\/327\/revisions\/792"}],"wp:attachment":[{"href":"https:\/\/www.mouvementrepublicain.org\/index.php\/wp-json\/wp\/v2\/media?parent=327"}],"curies":[{"name":"wp","href":"https:\/\/api.w.org\/{rel}","templated":true}]}}