{"id":32,"date":"2023-08-25T01:41:28","date_gmt":"2023-08-24T23:41:28","guid":{"rendered":"https:\/\/www.mouvementrepublicain.org\/index.php\/page\/"},"modified":"2025-03-10T14:21:39","modified_gmt":"2025-03-10T13:21:39","slug":"page","status":"publish","type":"page","link":"https:\/\/www.mouvementrepublicain.org\/index.php\/page\/","title":{"rendered":"Documents du MR"},"content":{"rendered":"\n<p><\/p>\n\n\n\n<p><em>Veuillez trouver ci-dessous les liens vers les diff\u00e9rentes pages du MR, repr\u00e9sentant les th\u00e9matiques de notre projet.<\/em><\/p>\n\n\n\n<p><\/p>\n\n\n\n<div class=\"wp-block-buttons is-content-justification-left is-layout-flex wp-container-core-buttons-is-layout-cf25e3cc wp-block-buttons-is-layout-flex\">\n<div class=\"wp-block-button\"><a class=\"wp-block-button__link wp-element-button\" href=\"https:\/\/www.mouvementrepublicain.org\/index.php\/notre-equipe\/\"><strong>Notre \u00c9quipe<\/strong><\/a><\/div>\n\n\n\n<div class=\"wp-block-button\"><a class=\"wp-block-button__link wp-element-button\" href=\"https:\/\/www.mouvementrepublicain.org\/index.php\/recepisse-du-mr\/\"><strong>R\u00e9c\u00e9piss\u00e9 du MR<\/strong><\/a><\/div>\n\n\n\n<div class=\"wp-block-button\"><a class=\"wp-block-button__link wp-element-button\" href=\"https:\/\/www.mouvementrepublicain.org\/index.php\/status-du-mr\/\"><strong>Statuts du MR<\/strong><\/a><\/div>\n\n\n\n<div class=\"wp-block-button\"><a class=\"wp-block-button__link wp-element-button\" href=\"https:\/\/www.mouvementrepublicain.org\/index.php\/reglement-interieur-du-mr\/\"><strong>R\u00e8glement Int\u00e9rieur<\/strong><\/a><\/div>\n\n\n\n<div class=\"wp-block-button\"><a class=\"wp-block-button__link wp-element-button\" href=\"https:\/\/www.mouvementrepublicain.org\/index.php\/les-federations-du-mr\/\"><strong>Les f\u00e9d\u00e9rations du MR<\/strong><\/a><\/div>\n\n\n\n<div class=\"wp-block-button\"><a class=\"wp-block-button__link wp-element-button\" href=\"https:\/\/www.mouvementrepublicain.org\/index.php\/procedure-dadhesion-au-mr\/\"><strong>Proc\u00e9dure d&#8217;Adh\u00e9sion au MR<\/strong><\/a><\/div>\n\n\n\n<div class=\"wp-block-button\"><a class=\"wp-block-button__link wp-element-button\" href=\"https:\/\/www.mouvementrepublicain.org\/index.php\/organigramme-du-mr\/\"><strong>Organigramme g\u00e9n\u00e9rique<\/strong><\/a><\/div>\n\n\n\n<div class=\"wp-block-button\"><a class=\"wp-block-button__link wp-element-button\" href=\"https:\/\/www.mouvementrepublicain.org\/index.php\/la-vision-du-mouvement-republicain-mr\/\"><strong>Notre Vision<\/strong><\/a><\/div>\n\n\n\n<div class=\"wp-block-button\"><a class=\"wp-block-button__link wp-element-button\" href=\"https:\/\/www.mouvementrepublicain.org\/index.php\/notre-position-politique\/\"><strong>Notre Position Politique<\/strong><\/a><\/div>\n\n\n\n<div class=\"wp-block-button\"><a class=\"wp-block-button__link wp-element-button\" href=\"https:\/\/www.mouvementrepublicain.org\/index.php\/lois-sur-les-partis-politiques-et-constitution-du-25-10-2015\/\"><strong>Lois et Constitution du 25.10.2015<\/strong><\/a><\/div>\n\n\n\n<div class=\"wp-block-button\"><a class=\"wp-block-button__link wp-element-button\" href=\"https:\/\/www.mouvementrepublicain.org\/index.php\/temoignages\/\"><strong>T\u00e9moignages<\/strong><\/a><\/div>\n<\/div>\n\n\n\n<div class=\"wp-block-buttons alignwide is-content-justification-right is-layout-flex wp-container-core-buttons-is-layout-e6df00e8 wp-block-buttons-is-layout-flex\"><\/div>\n\n\n\n<div class=\"wp-block-buttons alignwide is-content-justification-left is-layout-flex wp-container-core-buttons-is-layout-fdcfc74e wp-block-buttons-is-layout-flex\"><\/div>\n\n\n\n<p><\/p>\n\n\n\n<p><\/p>\n\n\n\n<div class=\"wp-block-buttons is-layout-flex wp-block-buttons-is-layout-flex\"><\/div>\n\n\n\n<p><\/p>\n\n\n\n<p><strong><em>CALENDRIER :<\/em><\/strong><\/p>\n\n\n<div class=\"wp-block-calendar\"><table id=\"wp-calendar\" class=\"wp-calendar-table\">\n\t<caption>avril 2026<\/caption>\n\t<thead>\n\t<tr>\n\t\t<th scope=\"col\" aria-label=\"lundi\">L<\/th>\n\t\t<th scope=\"col\" aria-label=\"mardi\">M<\/th>\n\t\t<th scope=\"col\" aria-label=\"mercredi\">M<\/th>\n\t\t<th scope=\"col\" aria-label=\"jeudi\">J<\/th>\n\t\t<th scope=\"col\" aria-label=\"vendredi\">V<\/th>\n\t\t<th scope=\"col\" aria-label=\"samedi\">S<\/th>\n\t\t<th scope=\"col\" aria-label=\"dimanche\">D<\/th>\n\t<\/tr>\n\t<\/thead>\n\t<tbody>\n\t<tr>\n\t\t<td colspan=\"2\" class=\"pad\">&nbsp;<\/td><td>1<\/td><td>2<\/td><td>3<\/td><td>4<\/td><td>5<\/td>\n\t<\/tr>\n\t<tr>\n\t\t<td>6<\/td><td>7<\/td><td>8<\/td><td>9<\/td><td>10<\/td><td>11<\/td><td>12<\/td>\n\t<\/tr>\n\t<tr>\n\t\t<td>13<\/td><td>14<\/td><td>15<\/td><td>16<\/td><td>17<\/td><td>18<\/td><td>19<\/td>\n\t<\/tr>\n\t<tr>\n\t\t<td id=\"today\">20<\/td><td>21<\/td><td>22<\/td><td>23<\/td><td>24<\/td><td>25<\/td><td>26<\/td>\n\t<\/tr>\n\t<tr>\n\t\t<td>27<\/td><td>28<\/td><td>29<\/td><td>30<\/td>\n\t\t<td class=\"pad\" colspan=\"3\">&nbsp;<\/td>\n\t<\/tr>\n\t<\/tbody>\n\t<\/table><nav aria-label=\"Mois pr\u00e9c\u00e9dents et suivants\" class=\"wp-calendar-nav\">\n\t\t<span class=\"wp-calendar-nav-prev\"><a href=\"https:\/\/www.mouvementrepublicain.org\/index.php\/2026\/03\/\">&laquo; Mar<\/a><\/span>\n\t\t<span class=\"pad\">&nbsp;<\/span>\n\t\t<span class=\"wp-calendar-nav-next\">&nbsp;<\/span>\n\t<\/nav><\/div>\n\n\n<p><\/p>\n\n\n\n<p><strong><em>Archives des ann\u00e9es ant\u00e9rieures et de celle en cours<\/em><\/strong> :<\/p>\n\n\n\n<p><\/p>\n\n\n\n<figure class=\"wp-block-embed is-type-rich is-provider-prise-en-charge-des-contenus-embarqu-s wp-block-embed-prise-en-charge-des-contenus-embarqu-s wp-embed-aspect-16-9 wp-has-aspect-ratio\"><div class=\"wp-block-embed__wrapper\">\n<iframe loading=\"lazy\" title=\"MR : Message du Pr\u00e9sident GAVET , pour le 64e anniversaire d&#039;ind\u00e9pendance du Congo - 15 08 2024.\" width=\"640\" height=\"360\" src=\"https:\/\/www.youtube.com\/embed\/DrgHi4tHDk4?feature=oembed\" frameborder=\"0\" allow=\"accelerometer; autoplay; clipboard-write; encrypted-media; gyroscope; picture-in-picture; web-share\" referrerpolicy=\"strict-origin-when-cross-origin\" allowfullscreen><\/iframe>\n<\/div><figcaption class=\"wp-element-caption\"><strong><em>Message du Pr\u00e9sident Ex\u00e9cutif du Mouvement R\u00e9publicain : 15\/08\/2024<\/em><\/strong><\/figcaption><\/figure>\n\n\n\n<p><\/p>\n\n\n\n<figure class=\"wp-block-embed is-type-rich is-provider-prise-en-charge-des-contenus-embarqu-s wp-block-embed-prise-en-charge-des-contenus-embarqu-s wp-embed-aspect-16-9 wp-has-aspect-ratio\"><div class=\"wp-block-embed__wrapper\">\n<iframe loading=\"lazy\" title=\"Installation du Bureau du MR Brazzaville\" width=\"640\" height=\"360\" src=\"https:\/\/www.youtube.com\/embed\/_5f0ngcWaiA?feature=oembed\" frameborder=\"0\" allow=\"accelerometer; autoplay; clipboard-write; encrypted-media; gyroscope; picture-in-picture; web-share\" referrerpolicy=\"strict-origin-when-cross-origin\" allowfullscreen><\/iframe>\n<\/div><figcaption class=\"wp-element-caption\"><strong><em>Installation de la F\u00e9d\u00e9ration de Brazzaville<\/em><\/strong> <\/figcaption><\/figure>\n\n\n\n<p><strong><em>Archives 2023<\/em><\/strong><br><\/p>\n\n\n\n<figure class=\"wp-block-embed is-type-video is-provider-youtube wp-block-embed-youtube wp-embed-aspect-16-9 wp-has-aspect-ratio\"><div class=\"wp-block-embed__wrapper\">\n<iframe loading=\"lazy\" title=\"#Congo-Brazzaville: message du Mouvement R\u00e9publicain, \u00e0 l&#039;occasion du 15 aout 2023\" width=\"640\" height=\"360\" src=\"https:\/\/www.youtube.com\/embed\/zt3aoEfYFN0?feature=oembed\" frameborder=\"0\" allow=\"accelerometer; autoplay; clipboard-write; encrypted-media; gyroscope; picture-in-picture; web-share\" referrerpolicy=\"strict-origin-when-cross-origin\" allowfullscreen><\/iframe>\n<\/div><figcaption class=\"wp-element-caption\">MESSAGE DU PR\u00c9SIDENT EX\u00c9CUTIF DU MOUVEMENT R\u00c9PUBLICAIN (MR) \u00c0 L\u2019OCCASION DE LA C\u00c9L\u00c9BRATION DU 63EME ANNIVERSAIRE DE L&#8217;IND\u00c9PENDANCE DU CONGO, LE 15 AO\u00dbT 2023.<\/figcaption><\/figure>\n","protected":false},"excerpt":{"rendered":"<p>Veuillez trouver ci-dessous les liens vers les diff\u00e9rentes pages du MR, repr\u00e9sentant les th\u00e9matiques de notre projet. CALENDRIER : Archives des ann\u00e9es ant\u00e9rieures et de celle en cours : Archives 2023<\/p>\n","protected":false},"author":1,"featured_media":0,"parent":0,"menu_order":0,"comment_status":"closed","ping_status":"closed","template":"page-template\/page-with-left-right-sidebar.php","meta":{"_regular_price":[],"currency_symbol":[],"footnotes":""},"class_list":["post-32","page","type-page","status-publish","hentry"],"post_slider_layout_featured_media_urls":{"thumbnail":"","post_slider_layout_landscape_large":"","post_slider_layout_portrait_large":"","post_slider_layout_square_large":"","post_slider_layout_landscape":"","post_slider_layout_portrait":"","post_slider_layout_square":"","full":""},"_links":{"self":[{"href":"https:\/\/www.mouvementrepublicain.org\/index.php\/wp-json\/wp\/v2\/pages\/32","targetHints":{"allow":["GET"]}}],"collection":[{"href":"https:\/\/www.mouvementrepublicain.org\/index.php\/wp-json\/wp\/v2\/pages"}],"about":[{"href":"https:\/\/www.mouvementrepublicain.org\/index.php\/wp-json\/wp\/v2\/types\/page"}],"author":[{"embeddable":true,"href":"https:\/\/www.mouvementrepublicain.org\/index.php\/wp-json\/wp\/v2\/users\/1"}],"replies":[{"embeddable":true,"href":"https:\/\/www.mouvementrepublicain.org\/index.php\/wp-json\/wp\/v2\/comments?post=32"}],"version-history":[{"count":31,"href":"https:\/\/www.mouvementrepublicain.org\/index.php\/wp-json\/wp\/v2\/pages\/32\/revisions"}],"predecessor-version":[{"id":1863,"href":"https:\/\/www.mouvementrepublicain.org\/index.php\/wp-json\/wp\/v2\/pages\/32\/revisions\/1863"}],"wp:attachment":[{"href":"https:\/\/www.mouvementrepublicain.org\/index.php\/wp-json\/wp\/v2\/media?parent=32"}],"curies":[{"name":"wp","href":"https:\/\/api.w.org\/{rel}","templated":true}]}}