{"id":1853,"date":"2025-03-10T14:09:24","date_gmt":"2025-03-10T13:09:24","guid":{"rendered":"https:\/\/www.mouvementrepublicain.org\/?page_id=1853"},"modified":"2025-07-27T12:33:56","modified_gmt":"2025-07-27T10:33:56","slug":"lois-sur-les-partis-politiques-et-constitution-du-25-10-2015","status":"publish","type":"page","link":"https:\/\/www.mouvementrepublicain.org\/index.php\/lois-sur-les-partis-politiques-et-constitution-du-25-10-2015\/","title":{"rendered":"Lois sur les partis politiques et Constitution du 25-10-2015."},"content":{"rendered":"\n<p><\/p>\n\n\n\n<p><mark style=\"background-color:rgba(0, 0, 0, 0)\" class=\"has-inline-color has-black-color\">Veuillez trouver ci-dessous :<\/mark><\/p>\n\n\n\n<p><mark style=\"background-color:rgba(0, 0, 0, 0)\" class=\"has-inline-color has-black-color\">La <strong>Constitution de la R\u00e9publique du Congo du 25 Octobre 2015<\/strong>.<\/mark><\/p>\n\n\n\n<p><\/p>\n\n\n\n<div data-wp-interactive=\"core\/file\" class=\"wp-block-file\"><object data-wp-bind--hidden=\"!state.hasPdfPreview\" hidden class=\"wp-block-file__embed\" data=\"https:\/\/www.mouvementrepublicain.org\/wp-content\/uploads\/2025\/03\/Constitution-Congo-BZV.pdf\" type=\"application\/pdf\" style=\"width:100%;height:600px\" aria-label=\"Contenu embarqu\u00e9 Constitution Congo-BZV.\"><\/object><a id=\"wp-block-file--media-a982adca-9396-4c32-b406-0d7b48d52132\" href=\"https:\/\/www.mouvementrepublicain.org\/wp-content\/uploads\/2025\/03\/Constitution-Congo-BZV.pdf\">Constitution Congo-BZV<\/a><a href=\"https:\/\/www.mouvementrepublicain.org\/wp-content\/uploads\/2025\/03\/Constitution-Congo-BZV.pdf\" class=\"wp-block-file__button wp-element-button\" download aria-describedby=\"wp-block-file--media-a982adca-9396-4c32-b406-0d7b48d52132\">T\u00e9l\u00e9charger<\/a><\/div>\n\n\n\n<p><\/p>\n\n\n\n<p><\/p>\n\n\n\n<ul class=\"wp-block-list\">\n<li><mark style=\"background-color:rgba(0, 0, 0, 0)\" class=\"has-inline-color has-black-color\">La<strong> loi n\u00b0 20-2017 du 12 Mai 2017<\/strong>, portant loi organique relative aux conditions de cr\u00e9ation, d&#8217;existence et aux modalit\u00e9s de financement des partis politiques.<\/mark><\/li>\n<\/ul>\n\n\n\n<p><\/p>\n\n\n\n<div data-wp-interactive=\"core\/file\" class=\"wp-block-file\"><object data-wp-bind--hidden=\"!state.hasPdfPreview\" hidden class=\"wp-block-file__embed\" data=\"https:\/\/www.mouvementrepublicain.org\/wp-content\/uploads\/2025\/03\/Loi-numero-20-2017-du-12-mai-2017-sur-le-fonctionnement-des-Partis-Politiques.pdf\" type=\"application\/pdf\" style=\"width:100%;height:600px\" aria-label=\"Contenu embarqu\u00e9 Loi num\u00e9ro 20-2017 du 12 mai 2017 sur le fonctionnement des Partis Politiques.\"><\/object><a id=\"wp-block-file--media-0e1157a5-265a-4f1d-8576-0fd9e80820a5\" href=\"https:\/\/www.mouvementrepublicain.org\/wp-content\/uploads\/2025\/03\/Loi-numero-20-2017-du-12-mai-2017-sur-le-fonctionnement-des-Partis-Politiques.pdf\">Loi num\u00e9ro 20-2017 du 12 mai 2017 sur le fonctionnement des Partis Politiques<\/a><a href=\"https:\/\/www.mouvementrepublicain.org\/wp-content\/uploads\/2025\/03\/Loi-numero-20-2017-du-12-mai-2017-sur-le-fonctionnement-des-Partis-Politiques.pdf\" class=\"wp-block-file__button wp-element-button\" download aria-describedby=\"wp-block-file--media-0e1157a5-265a-4f1d-8576-0fd9e80820a5\">T\u00e9l\u00e9charger<\/a><\/div>\n\n\n\n<p><\/p>\n\n\n\n<ul class=\"wp-block-list\">\n<li><mark style=\"background-color:rgba(0, 0, 0, 0)\" class=\"has-inline-color has-black-color\">La<strong> loi n\u00b0 28-2017 du 07 Juillet 2017<\/strong> d\u00e9terminant le statut de l&#8217;opposition.<\/mark><\/li>\n<\/ul>\n\n\n\n<p><\/p>\n\n\n\n<div data-wp-interactive=\"core\/file\" class=\"wp-block-file\"><object data-wp-bind--hidden=\"!state.hasPdfPreview\" hidden class=\"wp-block-file__embed\" data=\"https:\/\/www.mouvementrepublicain.org\/wp-content\/uploads\/2025\/03\/Loi-numero-28-2017-du-7-juillet-2017-determinant-le-statut-de-lopposition-politique.pdf\" type=\"application\/pdf\" style=\"width:100%;height:600px\" aria-label=\"Contenu embarqu\u00e9 Loi num\u00e9ro 28-2017 du 7 juillet 2017 d\u00e9terminant le statut de l&apos;opposition politique.\"><\/object><a id=\"wp-block-file--media-558bbdd5-8d6a-4213-bce1-f3f5a26d2eaf\" href=\"https:\/\/www.mouvementrepublicain.org\/wp-content\/uploads\/2025\/03\/Loi-numero-28-2017-du-7-juillet-2017-determinant-le-statut-de-lopposition-politique.pdf\">Loi num\u00e9ro 28-2017 du 7 juillet 2017 d\u00e9terminant le statut de l&#8217;opposition politique<\/a><a href=\"https:\/\/www.mouvementrepublicain.org\/wp-content\/uploads\/2025\/03\/Loi-numero-28-2017-du-7-juillet-2017-determinant-le-statut-de-lopposition-politique.pdf\" class=\"wp-block-file__button wp-element-button\" download aria-describedby=\"wp-block-file--media-558bbdd5-8d6a-4213-bce1-f3f5a26d2eaf\">T\u00e9l\u00e9charger<\/a><\/div>\n\n\n\n<p><\/p>\n\n\n\n<p><\/p>\n\n\n\n<p><mark style=\"background-color:rgba(0, 0, 0, 0)\" class=\"has-inline-color has-black-color\">Le <strong><em>Manifeste de l&#8217;opposition politique congolaise<\/em><\/strong> sign\u00e9 \u00e0 Brazzaville, en R\u00e9publique du Congo, le 15 Juillet 2025.<\/mark><\/p>\n\n\n\n<p><\/p>\n\n\n\n<div data-wp-interactive=\"core\/file\" class=\"wp-block-file\"><object data-wp-bind--hidden=\"!state.hasPdfPreview\" hidden class=\"wp-block-file__embed\" data=\"https:\/\/www.mouvementrepublicain.org\/wp-content\/uploads\/2025\/07\/Manifeste-de-lOpposition-politique-congolaise-1.pdf\" type=\"application\/pdf\" style=\"width:100%;height:600px\" aria-label=\"Contenu embarqu\u00e9 Manifeste de l&apos;Opposition politique congolaise.\"><\/object><a id=\"wp-block-file--media-d0851f28-d499-4e50-bcb0-a9e13df3e0c8\" href=\"https:\/\/www.mouvementrepublicain.org\/wp-content\/uploads\/2025\/07\/Manifeste-de-lOpposition-politique-congolaise-1.pdf\">Manifeste de l&#8217;Opposition politique congolaise<\/a><a href=\"https:\/\/www.mouvementrepublicain.org\/wp-content\/uploads\/2025\/07\/Manifeste-de-lOpposition-politique-congolaise-1.pdf\" class=\"wp-block-file__button wp-element-button\" download aria-describedby=\"wp-block-file--media-d0851f28-d499-4e50-bcb0-a9e13df3e0c8\">T\u00e9l\u00e9charger<\/a><\/div>\n\n\n\n<p><\/p>\n\n\n\n<p><\/p>\n\n\n\n<p><em>L&#8217;<\/em><strong><em>Arr\u00eat\u00e9 n\u00b0 1856 \/MID-CAB fixant le nombre des bureaux d&#8217;enregistrement des commissions administratives de r\u00e9vision des listes \u00e9lectorales<\/em><\/strong>, du Minist\u00e8re de l\u2019Int\u00e9rieur et de la D\u00e9centralisation (MID).<\/p>\n\n\n\n<p>Celui-ci d\u00e9crit au niveau national :<\/p>\n\n\n\n<p class=\"has-text-align-center\">Le nombre de bureaux d&#8217;enregistrement (BE) = <strong>1.478<\/strong><\/p>\n\n\n\n<p class=\"has-text-align-center\">Le nombre de centre de vote (CV) = <strong>4.011<\/strong><\/p>\n\n\n\n<p class=\"has-text-align-center\"><mark style=\"background-color:rgba(0, 0, 0, 0)\" class=\"has-inline-color has-black-color\">Le nombre de bureaux de vote (BV) = <strong>6.620<\/strong><\/mark><\/p>\n\n\n\n<p><\/p>\n\n\n\n<div data-wp-interactive=\"core\/file\" class=\"wp-block-file\"><object data-wp-bind--hidden=\"!state.hasPdfPreview\" hidden class=\"wp-block-file__embed\" data=\"https:\/\/www.mouvementrepublicain.org\/wp-content\/uploads\/2025\/07\/Arrete-1856-Nbre-BE-CARLE-2025-1-1.pdf\" type=\"application\/pdf\" style=\"width:100%;height:600px\" aria-label=\"Contenu embarqu\u00e9 Arre\u0302te\u0301 1856 Nbre BE CARLE 2025-1.\"><\/object><a id=\"wp-block-file--media-5624e9a9-5edb-461d-baa7-be0cb3c3f521\" href=\"https:\/\/www.mouvementrepublicain.org\/wp-content\/uploads\/2025\/07\/Arrete-1856-Nbre-BE-CARLE-2025-1-1.pdf\">Arre\u0302te\u0301 1856 Nbre BE CARLE 2025-1<\/a><a href=\"https:\/\/www.mouvementrepublicain.org\/wp-content\/uploads\/2025\/07\/Arrete-1856-Nbre-BE-CARLE-2025-1-1.pdf\" class=\"wp-block-file__button wp-element-button\" download aria-describedby=\"wp-block-file--media-5624e9a9-5edb-461d-baa7-be0cb3c3f521\">T\u00e9l\u00e9charger<\/a><\/div>\n\n\n\n<p><\/p>\n\n\n\n<p><\/p>\n\n\n\n<p>&#8212;&#8212; <strong>QUESTIONS<\/strong> &#8212;&#8212;<\/p>\n\n\n\n<p><em><mark style=\"background-color:rgba(0, 0, 0, 0)\" class=\"has-inline-color has-vivid-green-cyan-color\">Pourquoi le vote des Congolais de l&#8217;\u00e9tranger n&#8217;est-il toujours pas possible, malgr\u00e9 que cela fasse partie des conclusions du dialogue d&#8217;Owando en 2022 ?<\/mark><\/em><\/p>\n\n\n\n<p><\/p>\n\n\n\n<p><em><mark style=\"background-color:rgba(0, 0, 0, 0)\" class=\"has-inline-color has-luminous-vivid-amber-color\">Pourquoi n&#8217;y a-t-il pas de bureaux d&#8217;enregistrement et de vote \u00e0 l&#8217;\u00e9tranger au niveau des Consulats et Ambassades ?<\/mark><\/em><\/p>\n\n\n\n<p><\/p>\n\n\n\n<p><em><mark style=\"background-color:rgba(0, 0, 0, 0)\" class=\"has-inline-color has-vivid-red-color\">Les citoyens congolais ne sont-ils pas \u00e9gaux devant l&#8217;\u00c9tat et la loi, conform\u00e9ment aux dispositions de <strong>l&#8217;article 15<\/strong> de la Constitution du 25 Octobre 2025 ?<\/mark><\/em><\/p>\n\n\n\n<p><\/p>\n\n\n\n<p><\/p>\n\n\n\n<p><\/p>\n\n\n\n<div class=\"wp-block-buttons is-layout-flex wp-block-buttons-is-layout-flex\">\n<div class=\"wp-block-button\"><a class=\"wp-block-button__link wp-element-button\" href=\"https:\/\/www.mouvementrepublicain.org\/index.php\/page\/\"><strong><em>Retour aux Documents du MR<\/em><\/strong><\/a><\/div>\n<\/div>\n\n\n\n<p><\/p>\n\n\n\n<p><\/p>\n","protected":false},"excerpt":{"rendered":"<p>Veuillez trouver ci-dessous : La Constitution de la R\u00e9publique du Congo du 25 Octobre 2015. Le Manifeste de l&#8217;opposition politique congolaise sign\u00e9 \u00e0 Brazzaville, en R\u00e9publique du Congo, le 15 Juillet 2025. L&#8217;Arr\u00eat\u00e9 n\u00b0 1856 \/MID-CAB fixant le nombre des bureaux d&#8217;enregistrement des commissions administratives de r\u00e9vision des listes \u00e9lectorales, du Minist\u00e8re de l\u2019Int\u00e9rieur et &hellip; <\/p>\n<p class=\"link-more\"><a href=\"https:\/\/www.mouvementrepublicain.org\/index.php\/lois-sur-les-partis-politiques-et-constitution-du-25-10-2015\/\" class=\"more-link\">Continue reading<span class=\"screen-reader-text\"> &#8220;Lois sur les partis politiques et Constitution du 25-10-2015.&#8221;<\/span><\/a><\/p>\n","protected":false},"author":1,"featured_media":0,"parent":0,"menu_order":0,"comment_status":"closed","ping_status":"closed","template":"","meta":{"_regular_price":[],"currency_symbol":[],"footnotes":""},"class_list":["post-1853","page","type-page","status-publish","hentry"],"post_slider_layout_featured_media_urls":{"thumbnail":"","post_slider_layout_landscape_large":"","post_slider_layout_portrait_large":"","post_slider_layout_square_large":"","post_slider_layout_landscape":"","post_slider_layout_portrait":"","post_slider_layout_square":"","full":""},"_links":{"self":[{"href":"https:\/\/www.mouvementrepublicain.org\/index.php\/wp-json\/wp\/v2\/pages\/1853","targetHints":{"allow":["GET"]}}],"collection":[{"href":"https:\/\/www.mouvementrepublicain.org\/index.php\/wp-json\/wp\/v2\/pages"}],"about":[{"href":"https:\/\/www.mouvementrepublicain.org\/index.php\/wp-json\/wp\/v2\/types\/page"}],"author":[{"embeddable":true,"href":"https:\/\/www.mouvementrepublicain.org\/index.php\/wp-json\/wp\/v2\/users\/1"}],"replies":[{"embeddable":true,"href":"https:\/\/www.mouvementrepublicain.org\/index.php\/wp-json\/wp\/v2\/comments?post=1853"}],"version-history":[{"count":21,"href":"https:\/\/www.mouvementrepublicain.org\/index.php\/wp-json\/wp\/v2\/pages\/1853\/revisions"}],"predecessor-version":[{"id":2088,"href":"https:\/\/www.mouvementrepublicain.org\/index.php\/wp-json\/wp\/v2\/pages\/1853\/revisions\/2088"}],"wp:attachment":[{"href":"https:\/\/www.mouvementrepublicain.org\/index.php\/wp-json\/wp\/v2\/media?parent=1853"}],"curies":[{"name":"wp","href":"https:\/\/api.w.org\/{rel}","templated":true}]}}