{"id":1420,"date":"2024-05-17T01:10:49","date_gmt":"2024-05-16T23:10:49","guid":{"rendered":"https:\/\/www.mouvementrepublicain.org\/?page_id=1420"},"modified":"2024-05-17T01:10:49","modified_gmt":"2024-05-16T23:10:49","slug":"procedure-dadhesion-au-mr","status":"publish","type":"page","link":"https:\/\/www.mouvementrepublicain.org\/index.php\/procedure-dadhesion-au-mr\/","title":{"rendered":"Proc\u00e9dure d&#8217;Adh\u00e9sion au MR"},"content":{"rendered":"\n<p><\/p>\n\n\n\n<p>Veuillez trouver ci-dessous, la proc\u00e9dure d&#8217;adh\u00e9sion au Mouvement R\u00e9publicain (MR).<br><\/p>\n\n\n\n<div data-wp-interactive=\"core\/file\" class=\"wp-block-file\"><object data-wp-bind--hidden=\"!state.hasPdfPreview\" hidden class=\"wp-block-file__embed\" data=\"https:\/\/www.mouvementrepublicain.org\/wp-content\/uploads\/2024\/05\/MR-Pdt-SE_New_Adhesion_Communication.pdf\" type=\"application\/pdf\" style=\"width:100%;height:600px\" aria-label=\"Contenu embarqu\u00e9 MR-Pdt-SE_New_Adhesion_Communication.\"><\/object><a id=\"wp-block-file--media-e1b1420b-298d-4f6d-aca7-9004be1daf37\" href=\"https:\/\/www.mouvementrepublicain.org\/wp-content\/uploads\/2024\/05\/MR-Pdt-SE_New_Adhesion_Communication.pdf\">MR-Pdt-SE_New_Adhesion_Communication<\/a><a href=\"https:\/\/www.mouvementrepublicain.org\/wp-content\/uploads\/2024\/05\/MR-Pdt-SE_New_Adhesion_Communication.pdf\" class=\"wp-block-file__button wp-element-button\" download aria-describedby=\"wp-block-file--media-e1b1420b-298d-4f6d-aca7-9004be1daf37\">T\u00e9l\u00e9charger<\/a><\/div>\n\n\n\n<p><\/p>\n\n\n\n<p><\/p>\n\n\n\n<p><\/p>\n\n\n\n<div class=\"wp-block-buttons is-layout-flex wp-block-buttons-is-layout-flex\">\n<div class=\"wp-block-button\"><a class=\"wp-block-button__link wp-element-button\" href=\"https:\/\/www.mouvementrepublicain.org\/index.php\/page\/\"><strong>Retour Sur Les Pages du MR<\/strong><\/a><\/div>\n<\/div>\n","protected":false},"excerpt":{"rendered":"<p>Veuillez trouver ci-dessous, la proc\u00e9dure d&#8217;adh\u00e9sion au Mouvement R\u00e9publicain (MR).<\/p>\n","protected":false},"author":1,"featured_media":0,"parent":0,"menu_order":0,"comment_status":"closed","ping_status":"closed","template":"","meta":{"_regular_price":[],"currency_symbol":[],"footnotes":""},"class_list":["post-1420","page","type-page","status-publish","hentry"],"post_slider_layout_featured_media_urls":{"thumbnail":"","post_slider_layout_landscape_large":"","post_slider_layout_portrait_large":"","post_slider_layout_square_large":"","post_slider_layout_landscape":"","post_slider_layout_portrait":"","post_slider_layout_square":"","full":""},"_links":{"self":[{"href":"https:\/\/www.mouvementrepublicain.org\/index.php\/wp-json\/wp\/v2\/pages\/1420","targetHints":{"allow":["GET"]}}],"collection":[{"href":"https:\/\/www.mouvementrepublicain.org\/index.php\/wp-json\/wp\/v2\/pages"}],"about":[{"href":"https:\/\/www.mouvementrepublicain.org\/index.php\/wp-json\/wp\/v2\/types\/page"}],"author":[{"embeddable":true,"href":"https:\/\/www.mouvementrepublicain.org\/index.php\/wp-json\/wp\/v2\/users\/1"}],"replies":[{"embeddable":true,"href":"https:\/\/www.mouvementrepublicain.org\/index.php\/wp-json\/wp\/v2\/comments?post=1420"}],"version-history":[{"count":1,"href":"https:\/\/www.mouvementrepublicain.org\/index.php\/wp-json\/wp\/v2\/pages\/1420\/revisions"}],"predecessor-version":[{"id":1422,"href":"https:\/\/www.mouvementrepublicain.org\/index.php\/wp-json\/wp\/v2\/pages\/1420\/revisions\/1422"}],"wp:attachment":[{"href":"https:\/\/www.mouvementrepublicain.org\/index.php\/wp-json\/wp\/v2\/media?parent=1420"}],"curies":[{"name":"wp","href":"https:\/\/api.w.org\/{rel}","templated":true}]}}