{"id":1251,"date":"2024-12-30T18:18:56","date_gmt":"2024-12-30T17:18:56","guid":{"rendered":"https:\/\/www.mouvementrepublicain.org\/?page_id=1251"},"modified":"2024-01-06T18:47:12","modified_gmt":"2024-01-06T17:47:12","slug":"le-secretariat-executif-reamenage","status":"publish","type":"page","link":"https:\/\/www.mouvementrepublicain.org\/index.php\/le-secretariat-executif-reamenage\/","title":{"rendered":"Le Secr\u00e9tariat Ex\u00e9cutif r\u00e9am\u00e9nag\u00e9"},"content":{"rendered":"\n<pre class=\"wp-block-code\"><code><\/code><\/pre>\n\n\n\n<p>Dans le cadre de sa restructuration et sous l&#8217;impulsion du Pr\u00e9sident Ex\u00e9cutif, Monsieur Melaine Destin GAVET ELENGO, le Secr\u00e9tariat Ex\u00e9cutif du Mouvement R\u00e9publicain (MR) venait d&#8217;\u00eatre r\u00e9am\u00e9nag\u00e9 le 30 D\u00e9cembre 2023.<\/p>\n\n\n\n<p>Par ailleurs, tous les compagnons membres et Sympathisants du Mouvement R\u00e9publicain (MR) sont pri\u00e9s de prendre connaissance de cette information.<\/p>\n\n\n\n<p>Ainsi, ce r\u00e9am\u00e9nagement du Secr\u00e9tariat Ex\u00e9cutif int\u00e8gre \u00e9galement deux femmes en son sein et s&#8217;inscrit dans le cadre de l&#8217;\u00e9volution et l&#8217;efficacit\u00e9 du fonctionnement des instances du Mouvement R\u00e9publicain (MR).<\/p>\n\n\n\n<figure class=\"wp-block-embed is-type-wp-embed is-provider-contenu-embarqu wp-block-embed-contenu-embarqu\"><div class=\"wp-block-embed__wrapper\">\n<blockquote class=\"wp-embedded-content\" data-secret=\"KoQUHA5tPY\"><a href=\"https:\/\/www.mouvementrepublicain.org\/index.php\/2024\/01\/06\/reamenagement-du-secretariat-executif-du-mouvement-republicain-mr\/\">R\u00e9am\u00e9nagement du Secr\u00e9tariat Ex\u00e9cutif du Mouvement R\u00e9publicain (MR)<\/a><\/blockquote><iframe loading=\"lazy\" class=\"wp-embedded-content\" sandbox=\"allow-scripts\" security=\"restricted\" style=\"position: absolute; visibility: hidden;\" title=\"\u00ab\u00a0R\u00e9am\u00e9nagement du Secr\u00e9tariat Ex\u00e9cutif du Mouvement R\u00e9publicain (MR)\u00a0\u00bb &#8212; \" src=\"https:\/\/www.mouvementrepublicain.org\/index.php\/2024\/01\/06\/reamenagement-du-secretariat-executif-du-mouvement-republicain-mr\/embed\/#?secret=x6yJI8grIY#?secret=KoQUHA5tPY\" data-secret=\"KoQUHA5tPY\" width=\"600\" height=\"338\" frameborder=\"0\" marginwidth=\"0\" marginheight=\"0\" scrolling=\"no\"><\/iframe>\n<\/div><\/figure>\n\n\n\n<p>Fait \u00e0 Brazzaville, le 30\/12\/2023.<\/p>\n\n\n\n<p><\/p>\n\n\n\n<p>Le Directeur de Cabinet du Pr\u00e9sident Ex\u00e9cutif du Mouvement R\u00e9publicain (MR),<\/p>\n\n\n\n<p>\u270d\ufe0f <em>Urbain MPIKA HOUTOU<\/em>.<\/p>\n\n\n\n<p><\/p>\n\n\n\n<p><\/p>\n\n\n\n<div data-wp-interactive=\"core\/file\" class=\"wp-block-file\"><object data-wp-bind--hidden=\"!state.hasPdfPreview\" hidden class=\"wp-block-file__embed\" data=\"http:\/\/www.mouvementrepublicain.org\/wp-content\/uploads\/2024\/01\/img20240106_12144588.pdf\" type=\"application\/pdf\" style=\"width:100%;height:600px\" aria-label=\"Contenu embarqu\u00e9 Le-Secr\u00e9tariat-Ex\u00e9cutif-R\u00e9am\u00e9nag\u00e9.\"><\/object><a id=\"wp-block-file--media-71f22b34-6b0d-4374-bd39-87cb550ca19b\" href=\"http:\/\/www.mouvementrepublicain.org\/wp-content\/uploads\/2024\/01\/img20240106_12144588.pdf\">Le-Secr\u00e9tariat-Ex\u00e9cutif-R\u00e9am\u00e9nag\u00e9<\/a><a href=\"http:\/\/www.mouvementrepublicain.org\/wp-content\/uploads\/2024\/01\/img20240106_12144588.pdf\" class=\"wp-block-file__button wp-element-button\" download aria-describedby=\"wp-block-file--media-71f22b34-6b0d-4374-bd39-87cb550ca19b\">T\u00e9l\u00e9charger<\/a><\/div>\n\n\n\n<p><\/p>\n","protected":false},"excerpt":{"rendered":"<p>Dans le cadre de sa restructuration et sous l&#8217;impulsion du Pr\u00e9sident Ex\u00e9cutif, Monsieur Melaine Destin GAVET ELENGO, le Secr\u00e9tariat Ex\u00e9cutif du Mouvement R\u00e9publicain (MR) venait d&#8217;\u00eatre r\u00e9am\u00e9nag\u00e9 le 30 D\u00e9cembre 2023. Par ailleurs, tous les compagnons membres et Sympathisants du Mouvement R\u00e9publicain (MR) sont pri\u00e9s de prendre connaissance de cette information. Ainsi, ce r\u00e9am\u00e9nagement du &hellip; <\/p>\n<p class=\"link-more\"><a href=\"https:\/\/www.mouvementrepublicain.org\/index.php\/le-secretariat-executif-reamenage\/\" class=\"more-link\">Continue reading<span class=\"screen-reader-text\"> &#8220;Le Secr\u00e9tariat Ex\u00e9cutif r\u00e9am\u00e9nag\u00e9&#8221;<\/span><\/a><\/p>\n","protected":false},"author":1,"featured_media":0,"parent":0,"menu_order":0,"comment_status":"closed","ping_status":"closed","template":"","meta":{"_regular_price":[],"currency_symbol":[],"footnotes":""},"class_list":["post-1251","page","type-page","status-publish","hentry"],"post_slider_layout_featured_media_urls":{"thumbnail":"","post_slider_layout_landscape_large":"","post_slider_layout_portrait_large":"","post_slider_layout_square_large":"","post_slider_layout_landscape":"","post_slider_layout_portrait":"","post_slider_layout_square":"","full":""},"_links":{"self":[{"href":"https:\/\/www.mouvementrepublicain.org\/index.php\/wp-json\/wp\/v2\/pages\/1251","targetHints":{"allow":["GET"]}}],"collection":[{"href":"https:\/\/www.mouvementrepublicain.org\/index.php\/wp-json\/wp\/v2\/pages"}],"about":[{"href":"https:\/\/www.mouvementrepublicain.org\/index.php\/wp-json\/wp\/v2\/types\/page"}],"author":[{"embeddable":true,"href":"https:\/\/www.mouvementrepublicain.org\/index.php\/wp-json\/wp\/v2\/users\/1"}],"replies":[{"embeddable":true,"href":"https:\/\/www.mouvementrepublicain.org\/index.php\/wp-json\/wp\/v2\/comments?post=1251"}],"version-history":[{"count":5,"href":"https:\/\/www.mouvementrepublicain.org\/index.php\/wp-json\/wp\/v2\/pages\/1251\/revisions"}],"predecessor-version":[{"id":1261,"href":"https:\/\/www.mouvementrepublicain.org\/index.php\/wp-json\/wp\/v2\/pages\/1251\/revisions\/1261"}],"wp:attachment":[{"href":"https:\/\/www.mouvementrepublicain.org\/index.php\/wp-json\/wp\/v2\/media?parent=1251"}],"curies":[{"name":"wp","href":"https:\/\/api.w.org\/{rel}","templated":true}]}}