{"id":1100,"date":"2023-10-28T03:06:52","date_gmt":"2023-10-28T01:06:52","guid":{"rendered":"https:\/\/www.mouvementrepublicain.org\/?page_id=1100"},"modified":"2025-03-08T02:57:51","modified_gmt":"2025-03-08T01:57:51","slug":"les-federations-du-mr","status":"publish","type":"page","link":"https:\/\/www.mouvementrepublicain.org\/index.php\/les-federations-du-mr\/","title":{"rendered":"Les F\u00e9d\u00e9rations du MR"},"content":{"rendered":"\n<p><\/p>\n\n\n\n<p><em><strong><mark style=\"background-color:rgba(0, 0, 0, 0);color:#1cbc00\" class=\"has-inline-color\">Le Mouvement R\u00e9publicain (MR) est \u00e0 ce jour l&#8217;un des partis politiques congolais les plus repr\u00e9sent\u00e9s au monde. <\/mark><\/strong><\/em><\/p>\n\n\n\n<p><\/p>\n\n\n\n<figure class=\"wp-block-table\"><table><tbody><tr><td><strong><mark style=\"background-color:rgba(0, 0, 0, 0)\" class=\"has-inline-color has-black-color\">N\u00b0<\/mark><\/strong><\/td><td class=\"has-text-align-left\" data-align=\"left\"><strong><mark style=\"background-color:rgba(0, 0, 0, 0)\" class=\"has-inline-color has-black-color\">Nom de la f\u00e9d\u00e9ration<\/mark><\/strong><\/td><td><mark style=\"background-color:rgba(0, 0, 0, 0)\" class=\"has-inline-color has-black-color\"><strong>Pays<\/strong><\/mark><\/td><td><strong><mark style=\"background-color:rgba(0, 0, 0, 0)\" class=\"has-inline-color has-black-color\">Si\u00e8ge (ville)<\/mark><\/strong><\/td><td><strong><mark style=\"background-color:rgba(0, 0, 0, 0)\" class=\"has-inline-color has-black-color\">Membres du bureau<\/mark><\/strong> <strong><mark style=\"background-color:rgba(0, 0, 0, 0)\" class=\"has-inline-color has-black-color\">F\u00e9d\u00e9ral<\/mark><\/strong><\/td><\/tr><tr><td>1<\/td><td class=\"has-text-align-left\" data-align=\"left\">MR &#8211; Brazzaville<\/td><td>R\u00e9publique du Congo<\/td><td>Brazzaville<\/td><td><\/td><\/tr><tr><td>2<\/td><td class=\"has-text-align-left\" data-align=\"left\">MR &#8211; Pointe-Noire<\/td><td>R\u00e9publique du Congo<\/td><td>Pointe-Noire<\/td><td><\/td><\/tr><tr><td>3<\/td><td class=\"has-text-align-left\" data-align=\"left\">MR &#8211; Niari<\/td><td>R\u00e9publique du Congo<\/td><td>Dolisie<\/td><td><\/td><\/tr><tr><td>4<\/td><td class=\"has-text-align-left\" data-align=\"left\">MR &#8211; Kouilou<\/td><td>R\u00e9publique du Congo<\/td><td>Loango<\/td><td><\/td><\/tr><tr><td>5<\/td><td class=\"has-text-align-left\" data-align=\"left\">MR &#8211; Pool<\/td><td>R\u00e9publique du Congo<\/td><td>Kinkala<\/td><td><\/td><\/tr><tr><td>6<\/td><td class=\"has-text-align-left\" data-align=\"left\">MR &#8211; Plateaux <\/td><td>R\u00e9publique du Congo<\/td><td>Djambala<\/td><td><\/td><\/tr><tr><td>7<\/td><td class=\"has-text-align-left\" data-align=\"left\">MR &#8211; L\u00e9koumou<\/td><td>R\u00e9publique du Congo<\/td><td>Sibiti<\/td><td><\/td><\/tr><tr><td>8<\/td><td class=\"has-text-align-left\" data-align=\"left\">MR &#8211; Bouenza<\/td><td>R\u00e9publique du Congo<\/td><td>Madingou<\/td><td><\/td><\/tr><tr><td>9<\/td><td class=\"has-text-align-left\" data-align=\"left\">MR &#8211; Cuvette centrale<\/td><td>R\u00e9publique du Congo<\/td><td>Owando<\/td><td><\/td><\/tr><tr><td>10<\/td><td class=\"has-text-align-left\" data-align=\"left\">MR &#8211; Cuvette Ouest<\/td><td>R\u00e9publique du Congo<\/td><td>Ewo (Kell\u00e9)<\/td><td><\/td><\/tr><tr><td>11<\/td><td class=\"has-text-align-left\" data-align=\"left\">MR &#8211; Sangha<\/td><td>R\u00e9publique du Congo<\/td><td>Ouesso<\/td><td><\/td><\/tr><tr><td>12<\/td><td class=\"has-text-align-left\" data-align=\"left\">MR &#8211; Likouala<\/td><td>R\u00e9publique du Congo<\/td><td>Impfondo<\/td><td><\/td><\/tr><tr><td><\/td><td class=\"has-text-align-left\" data-align=\"left\"><\/td><td><\/td><td><\/td><td><\/td><\/tr><tr><td><strong>13<\/strong><\/td><td class=\"has-text-align-left\" data-align=\"left\"><strong>MR &#8211; France<\/strong><\/td><td><strong>France<\/strong><\/td><td><strong>Paris<\/strong><\/td><td><\/td><\/tr><tr><td>14<\/td><td class=\"has-text-align-left\" data-align=\"left\">MR &#8211; Belgique<\/td><td>Belgique<\/td><td>Bruxelles<\/td><td><\/td><\/tr><tr><td>15<\/td><td class=\"has-text-align-left\" data-align=\"left\">MR &#8211; Afrique du Sud<\/td><td>Afrique du Sud<\/td><td>Cape Town<\/td><td><\/td><\/tr><tr><td>16<\/td><td class=\"has-text-align-left\" data-align=\"left\">MR &#8211; RDC<\/td><td>R\u00e9publique D\u00e9mocratique du Congo<\/td><td>Kinshasa<\/td><td><\/td><\/tr><tr><td>17<\/td><td class=\"has-text-align-left\" data-align=\"left\">MR &#8211; Gabon<\/td><td>Gabon<\/td><td>Libreville<\/td><td><\/td><\/tr><tr><td>18<\/td><td class=\"has-text-align-left\" data-align=\"left\">MR &#8211; C\u00f4te d&#8217;Ivoire<\/td><td>C\u00f4te d&#8217;Ivoire<\/td><td>Abidjan<\/td><td><\/td><\/tr><tr><td>19<\/td><td class=\"has-text-align-left\" data-align=\"left\">MR &#8211; S\u00e9n\u00e9gal<\/td><td>S\u00e9n\u00e9gal<\/td><td>Dakar<\/td><td><\/td><\/tr><tr><td>20<\/td><td class=\"has-text-align-left\" data-align=\"left\">MR &#8211; Maroc<\/td><td>Maroc<\/td><td>Marrakesh<\/td><td><\/td><\/tr><tr><td>21<\/td><td class=\"has-text-align-left\" data-align=\"left\">MR &#8211; Tunisie<\/td><td>Tunisie<\/td><td>Tunis<\/td><td><\/td><\/tr><\/tbody><\/table><\/figure>\n\n\n\n<p>   22        MR &#8211; Turquie<\/p>\n\n\n\n<p><\/p>\n\n\n\n<div class=\"wp-block-buttons is-layout-flex wp-block-buttons-is-layout-flex\">\n<div class=\"wp-block-button\"><a class=\"wp-block-button__link wp-element-button\" href=\"https:\/\/www.mouvementrepublicain.org\/index.php\/page\/\"><strong>Retour Sur Les Pages du MR<\/strong><\/a><\/div>\n<\/div>\n","protected":false},"excerpt":{"rendered":"<p>Le Mouvement R\u00e9publicain (MR) est \u00e0 ce jour l&#8217;un des partis politiques congolais les plus repr\u00e9sent\u00e9s au monde. N\u00b0 Nom de la f\u00e9d\u00e9ration Pays Si\u00e8ge (ville) Membres du bureau F\u00e9d\u00e9ral 1 MR &#8211; Brazzaville R\u00e9publique du Congo Brazzaville 2 MR &#8211; Pointe-Noire R\u00e9publique du Congo Pointe-Noire 3 MR &#8211; Niari R\u00e9publique du Congo Dolisie 4 &hellip; <\/p>\n<p class=\"link-more\"><a href=\"https:\/\/www.mouvementrepublicain.org\/index.php\/les-federations-du-mr\/\" class=\"more-link\">Continue reading<span class=\"screen-reader-text\"> &#8220;Les F\u00e9d\u00e9rations du MR&#8221;<\/span><\/a><\/p>\n","protected":false},"author":1,"featured_media":0,"parent":0,"menu_order":0,"comment_status":"closed","ping_status":"closed","template":"","meta":{"_regular_price":[],"currency_symbol":[],"footnotes":""},"class_list":["post-1100","page","type-page","status-publish","hentry"],"post_slider_layout_featured_media_urls":{"thumbnail":"","post_slider_layout_landscape_large":"","post_slider_layout_portrait_large":"","post_slider_layout_square_large":"","post_slider_layout_landscape":"","post_slider_layout_portrait":"","post_slider_layout_square":"","full":""},"_links":{"self":[{"href":"https:\/\/www.mouvementrepublicain.org\/index.php\/wp-json\/wp\/v2\/pages\/1100","targetHints":{"allow":["GET"]}}],"collection":[{"href":"https:\/\/www.mouvementrepublicain.org\/index.php\/wp-json\/wp\/v2\/pages"}],"about":[{"href":"https:\/\/www.mouvementrepublicain.org\/index.php\/wp-json\/wp\/v2\/types\/page"}],"author":[{"embeddable":true,"href":"https:\/\/www.mouvementrepublicain.org\/index.php\/wp-json\/wp\/v2\/users\/1"}],"replies":[{"embeddable":true,"href":"https:\/\/www.mouvementrepublicain.org\/index.php\/wp-json\/wp\/v2\/comments?post=1100"}],"version-history":[{"count":20,"href":"https:\/\/www.mouvementrepublicain.org\/index.php\/wp-json\/wp\/v2\/pages\/1100\/revisions"}],"predecessor-version":[{"id":1845,"href":"https:\/\/www.mouvementrepublicain.org\/index.php\/wp-json\/wp\/v2\/pages\/1100\/revisions\/1845"}],"wp:attachment":[{"href":"https:\/\/www.mouvementrepublicain.org\/index.php\/wp-json\/wp\/v2\/media?parent=1100"}],"curies":[{"name":"wp","href":"https:\/\/api.w.org\/{rel}","templated":true}]}}